{"id":10543,"date":"2024-06-21T15:49:59","date_gmt":"2024-06-21T13:49:59","guid":{"rendered":"https:\/\/naxworks.com\/politica-privacidad\/"},"modified":"2024-10-26T10:45:33","modified_gmt":"2024-10-26T08:45:33","slug":"politica-de-privacitat","status":"publish","type":"page","link":"https:\/\/naxworks.com\/ca\/politica-de-privacitat\/","title":{"rendered":"Pol\u00edtica de privacitat"},"content":{"rendered":"\t\t<div data-elementor-type=\"wp-page\" data-elementor-id=\"10543\" class=\"elementor elementor-10543 elementor-3\" data-elementor-post-type=\"page\">\n\t\t\t\t<div class=\"elementor-element elementor-element-5ed5d6d e-flex e-con-boxed e-con e-parent\" data-id=\"5ed5d6d\" data-element_type=\"container\">\n\t\t\t\t\t<div class=\"e-con-inner\">\n\t\t\t\t<div class=\"elementor-element elementor-element-1b2ac55 elementor-widget elementor-widget-text-editor\" data-id=\"1b2ac55\" data-element_type=\"widget\" data-widget_type=\"text-editor.default\">\n\t\t\t\t<div class=\"elementor-widget-container\">\n\t\t\t\t\t\t\t\t\t<div role=\"main\"><div data-elementor-type=\"wp-page\" data-elementor-id=\"12823\" data-elementor-post-type=\"page\"><section data-id=\"f4e8e0a\" data-element_type=\"section\"><div data-id=\"7d682f8\" data-element_type=\"column\"><div data-id=\"a12fc46\" data-element_type=\"widget\" data-widget_type=\"heading.default\"><div><h1>Pol\u00edtica de privadesa\u00a0<\/h1><div>\u00a0<\/div><\/div><\/div><div data-id=\"ecb194d\" data-element_type=\"widget\" data-widget_type=\"text-editor.default\"><div><div data-id=\"208b65a\" data-element_type=\"widget\" data-widget_type=\"text-editor.default\">En compliment del que estableix la Llei Org\u00e0nica 15\/1999, de 13 de desembre, de protecci\u00f3 de dades de car\u00e0cter personal i del Reglament Europeu UE 2016\/679 us informem del seg\u00fcent:<\/div><div data-id=\"208b65a\" data-element_type=\"widget\" data-widget_type=\"text-editor.default\">\u00a0<\/div><\/div><\/div><div data-id=\"6533852\" data-element_type=\"widget\" data-widget_type=\"heading.default\"><div><h4>Identitat i dades de contacte del responsable del tractament<\/h4><div>Comuniquem que les dades que ens faciliti quedaran incorporades i seran tractades als fitxers titularitat de NaxWorks.com per tal de poder prestar els nostres serveis, aix\u00ed com per mantenir-lo informat sobre q\u00fcestions relatives a l&#8217;activitat de l&#8217;empresa i els seus serveis .<\/div><div>\u00a0<\/div><\/div><\/div><div data-id=\"ab46596\" data-element_type=\"widget\" data-widget_type=\"heading.default\"><div><h4>Modalitat de recollida i tractament de les dades<\/h4><div>Els dades es recullen directament de l&#8217;interessat, de forma presencial o mitjan\u00e7ant el formulari de la nostra web corporativa, facilitant tota la informaci\u00f3 necess\u00e0ria que preveu la llei. El tractament es realitza mitjan\u00e7ant instruments automatitzats en compliment de la normativa i de conformitat amb els principis de correcci\u00f3, licitud, transpar\u00e8ncia i tutela de confidencialitat i drets. El nostre sistema inform\u00e0tic est\u00e0 estructurat de manera que es pugui prevenir la p\u00e8rdua de dades, usos il\u00b7l\u00edcits o no correctes i accessos no autoritzats, complint les normes de seguretat exigibles.<\/div><\/div><\/div><div data-id=\"7b35462\" data-element_type=\"widget\" data-widget_type=\"heading.default\"><div><h4>\u00a0<\/h4><h4>Base jur\u00eddica &#8211; Finalitat del tractament<\/h4><div>Els dades comunicades seran \u00fanicament les estrictament indispensables per a l&#8217;execuci\u00f3 de la prestaci\u00f3 sol\u00b7licitada: pressupostos, factures, informes, \u2026 una possible denegaci\u00f3 de la comunicaci\u00f3 per part seva comportar\u00e0 per a aquesta empresa la impossibilitat de complir les prestacions acordades.<\/div><\/div><\/div><div data-id=\"4a03a06\" data-element_type=\"widget\" data-widget_type=\"heading.default\"><div><h4>\u00a0<\/h4><h4>Destinataris als quals se&#8217;ls pot comunicar les vostres dades<\/h4><div>Les vostres dades no es comunicaran a tercers, excepte quan sigui necessari i indispensable (o, en tot cas, funcional) per al desenvolupament dels serveis que ens ha demanat o hi hagi una obligaci\u00f3 legal. Se faran altres possibles comunicacions a altres subjectes (autoritzats, nomenats i instru\u00efts espec\u00edficament pel Responsable). Les vostres dades no es difondran a tercers sense que heu prestat pr\u00e8viament i expressament el vostre consentiment i no seran objecte de transmissi\u00f3, sota cap concepte, a tercers pa\u00efsos fora de la UE.<\/div><\/div><\/div><div data-id=\"334f869\" data-element_type=\"widget\" data-widget_type=\"heading.default\"><div><h4>\u00a0<\/h4><h4>Durada de la conservaci\u00f3 de les dades de car\u00e0cter personal<\/h4><div>Les vostres dades de car\u00e0cter personal es conservaran durant el temps considerat \u00fatil per a l&#8217;execuci\u00f3 de la prestaci\u00f3 sol\u00b7licitada o per a la gesti\u00f3 d&#8217;activitats administratives posteriors. Ens comprometem a tractar de manera confidencial les dades de car\u00e0cter personal facilitades i tornar-les a l&#8217;interessat o destruir una vegada finalitzada la relaci\u00f3 contractual.<\/div><\/div><\/div><div data-id=\"71d791d\" data-element_type=\"widget\" data-widget_type=\"heading.default\"><div><h4>\u00a0<\/h4><h4>Drets de l&#8217;interessat i revocaci\u00f3 del consentiment prestat<\/h4><div>Vost\u00e8 t\u00e9 dret a sol\u00b7licitar al titular, en qualsevol moment, l&#8217;acc\u00e9s a les vostres dades, aix\u00ed com la rectificaci\u00f3, la cancel\u00b7laci\u00f3 o la portabilitat d&#8217;aquestes. Aix\u00ed mateix, te dret a sol\u00b7licitar la limitaci\u00f3 del tractament o oposar-s&#8217;hi. A m\u00e9s, podreu revocar en qualsevol moment els consentiments prestats a trav\u00e9s de la present nota informativa, dirigint la vostra sol\u00b7licitud a admin@naxworks.com, aportant acreditaci\u00f3 de la vostra identitat. En cas que considereu que els vostres dades hagin estat tractats de manera il\u00b7leg\u00edtima, teniu dret a adre\u00e7ar-vos a l&#8217;Autoritat de Control per presentar una reclamaci\u00f3.<\/div><\/div><\/div><div data-id=\"481a46e\" data-element_type=\"widget\" data-widget_type=\"heading.default\"><div><h4>\u00a0<\/h4><h4>Processos de decisi\u00f3 automatitzats. Consentiment expr\u00e9s<\/h4><div>Eltitular no utilitza, de cap manera, processosde decisi\u00f3 automatitzats concernents a les vostres dades de car\u00e0cter personal. Amb l&#8217;enviament de les vostres dades de car\u00e0cter personal a trav\u00e9s del nostre formulari a la web, doneu fe de l&#8217;exactitud i actualitzaci\u00f3, que ha estat informat de forma comprensible, precisa i inequ\u00edvoca de l&#8217;\u00fas i tractament que s&#8217; aplicaran a les vostres dades , dels drets que us assistiu i que doneu el vostre consentiment expr\u00e9s perqu\u00e8 us puguem utilitzar \u00fanicament i exclusivament per a la fi concreta del servei contractat.<\/div><\/div><\/div><\/div><\/section><\/div><\/div>\t\t\t\t\t\t\t\t<\/div>\n\t\t\t\t<\/div>\n\t\t\t\t\t<\/div>\n\t\t\t\t<\/div>\n\t\t\t\t<\/div>\n\t\t","protected":false},"excerpt":{"rendered":"<p>Pol\u00edtica de privadesa\u00a0 \u00a0En compliment del que estableix la Llei Org\u00e0nica 15\/1999, de 13 de desembre, de protecci\u00f3 de dades de car\u00e0cter personal i del Reglament Europeu UE 2016\/679 us informem del seg\u00fcent:\u00a0 Identitat i dades de contacte del responsable del tractament Comuniquem que les dades que ens faciliti quedaran incorporades i seran tractades als [&hellip;]<\/p>\n","protected":false},"author":1,"featured_media":0,"parent":0,"menu_order":0,"comment_status":"closed","ping_status":"closed","template":"","meta":{"_joinchat":[],"footnotes":""},"class_list":["post-10543","page","type-page","status-publish","hentry"],"yoast_head":"<!-- This site is optimized with the Yoast SEO plugin v24.6 - https:\/\/yoast.com\/wordpress\/plugins\/seo\/ -->\n<title>\u25b7 NaxWorks.com - Pol\u00edtica de privacitat<\/title>\n<meta name=\"robots\" content=\"index, follow, max-snippet:-1, max-image-preview:large, max-video-preview:-1\" \/>\n<link rel=\"canonical\" href=\"https:\/\/naxworks.com\/ca\/politica-de-privacitat\/\" \/>\n<meta property=\"og:locale\" content=\"ca_ES\" \/>\n<meta property=\"og:type\" content=\"article\" \/>\n<meta property=\"og:title\" content=\"\u25b7 NaxWorks.com - Pol\u00edtica de privacitat\" \/>\n<meta property=\"og:description\" content=\"Pol\u00edtica de privadesa\u00a0 \u00a0En compliment del que estableix la Llei Org\u00e0nica 15\/1999, de 13 de desembre, de protecci\u00f3 de dades de car\u00e0cter personal i del Reglament Europeu UE 2016\/679 us informem del seg\u00fcent:\u00a0 Identitat i dades de contacte del responsable del tractament Comuniquem que les dades que ens faciliti quedaran incorporades i seran tractades als [&hellip;]\" \/>\n<meta property=\"og:url\" content=\"https:\/\/naxworks.com\/ca\/politica-de-privacitat\/\" \/>\n<meta property=\"og:site_name\" content=\"NaxWorks.com\" \/>\n<meta property=\"article:modified_time\" content=\"2024-10-26T08:45:33+00:00\" \/>\n<meta name=\"twitter:card\" content=\"summary_large_image\" \/>\n<meta name=\"twitter:label1\" content=\"Temps estimat de lectura\" \/>\n\t<meta name=\"twitter:data1\" content=\"4 minuts\" \/>\n<script type=\"application\/ld+json\" class=\"yoast-schema-graph\">{\"@context\":\"https:\/\/schema.org\",\"@graph\":[{\"@type\":\"WebPage\",\"@id\":\"https:\/\/naxworks.com\/ca\/politica-de-privacitat\/\",\"url\":\"https:\/\/naxworks.com\/ca\/politica-de-privacitat\/\",\"name\":\"\u25b7 NaxWorks.com - Pol\u00edtica de privacitat\",\"isPartOf\":{\"@id\":\"https:\/\/naxworks.com\/ca\/#website\"},\"datePublished\":\"2024-06-21T13:49:59+00:00\",\"dateModified\":\"2024-10-26T08:45:33+00:00\",\"breadcrumb\":{\"@id\":\"https:\/\/naxworks.com\/ca\/politica-de-privacitat\/#breadcrumb\"},\"inLanguage\":\"ca\",\"potentialAction\":[{\"@type\":\"ReadAction\",\"target\":[\"https:\/\/naxworks.com\/ca\/politica-de-privacitat\/\"]}]},{\"@type\":\"BreadcrumbList\",\"@id\":\"https:\/\/naxworks.com\/ca\/politica-de-privacitat\/#breadcrumb\",\"itemListElement\":[{\"@type\":\"ListItem\",\"position\":1,\"name\":\"Portada\",\"item\":\"https:\/\/naxworks.com\/en\/\"},{\"@type\":\"ListItem\",\"position\":2,\"name\":\"Pol\u00edtica de privacitat\"}]},{\"@type\":\"WebSite\",\"@id\":\"https:\/\/naxworks.com\/ca\/#website\",\"url\":\"https:\/\/naxworks.com\/ca\/\",\"name\":\"NaxWorks.com\",\"description\":\"\",\"publisher\":{\"@id\":\"https:\/\/naxworks.com\/ca\/#organization\"},\"potentialAction\":[{\"@type\":\"SearchAction\",\"target\":{\"@type\":\"EntryPoint\",\"urlTemplate\":\"https:\/\/naxworks.com\/ca\/?s={search_term_string}\"},\"query-input\":{\"@type\":\"PropertyValueSpecification\",\"valueRequired\":true,\"valueName\":\"search_term_string\"}}],\"inLanguage\":\"ca\"},{\"@type\":\"Organization\",\"@id\":\"https:\/\/naxworks.com\/ca\/#organization\",\"name\":\"NaxWorks.com\",\"url\":\"https:\/\/naxworks.com\/ca\/\",\"logo\":{\"@type\":\"ImageObject\",\"inLanguage\":\"ca\",\"@id\":\"https:\/\/naxworks.com\/ca\/#\/schema\/logo\/image\/\",\"url\":\"https:\/\/naxworks.com\/wp-content\/uploads\/2024\/07\/NaxWorks_Logo.png\",\"contentUrl\":\"https:\/\/naxworks.com\/wp-content\/uploads\/2024\/07\/NaxWorks_Logo.png\",\"width\":1080,\"height\":460,\"caption\":\"NaxWorks.com\"},\"image\":{\"@id\":\"https:\/\/naxworks.com\/ca\/#\/schema\/logo\/image\/\"}}]}<\/script>\n<!-- \/ Yoast SEO plugin. -->","yoast_head_json":{"title":"\u25b7 NaxWorks.com - Pol\u00edtica de privacitat","robots":{"index":"index","follow":"follow","max-snippet":"max-snippet:-1","max-image-preview":"max-image-preview:large","max-video-preview":"max-video-preview:-1"},"canonical":"https:\/\/naxworks.com\/ca\/politica-de-privacitat\/","og_locale":"ca_ES","og_type":"article","og_title":"\u25b7 NaxWorks.com - Pol\u00edtica de privacitat","og_description":"Pol\u00edtica de privadesa\u00a0 \u00a0En compliment del que estableix la Llei Org\u00e0nica 15\/1999, de 13 de desembre, de protecci\u00f3 de dades de car\u00e0cter personal i del Reglament Europeu UE 2016\/679 us informem del seg\u00fcent:\u00a0 Identitat i dades de contacte del responsable del tractament Comuniquem que les dades que ens faciliti quedaran incorporades i seran tractades als [&hellip;]","og_url":"https:\/\/naxworks.com\/ca\/politica-de-privacitat\/","og_site_name":"NaxWorks.com","article_modified_time":"2024-10-26T08:45:33+00:00","twitter_card":"summary_large_image","twitter_misc":{"Temps estimat de lectura":"4 minuts"},"schema":{"@context":"https:\/\/schema.org","@graph":[{"@type":"WebPage","@id":"https:\/\/naxworks.com\/ca\/politica-de-privacitat\/","url":"https:\/\/naxworks.com\/ca\/politica-de-privacitat\/","name":"\u25b7 NaxWorks.com - Pol\u00edtica de privacitat","isPartOf":{"@id":"https:\/\/naxworks.com\/ca\/#website"},"datePublished":"2024-06-21T13:49:59+00:00","dateModified":"2024-10-26T08:45:33+00:00","breadcrumb":{"@id":"https:\/\/naxworks.com\/ca\/politica-de-privacitat\/#breadcrumb"},"inLanguage":"ca","potentialAction":[{"@type":"ReadAction","target":["https:\/\/naxworks.com\/ca\/politica-de-privacitat\/"]}]},{"@type":"BreadcrumbList","@id":"https:\/\/naxworks.com\/ca\/politica-de-privacitat\/#breadcrumb","itemListElement":[{"@type":"ListItem","position":1,"name":"Portada","item":"https:\/\/naxworks.com\/en\/"},{"@type":"ListItem","position":2,"name":"Pol\u00edtica de privacitat"}]},{"@type":"WebSite","@id":"https:\/\/naxworks.com\/ca\/#website","url":"https:\/\/naxworks.com\/ca\/","name":"NaxWorks.com","description":"","publisher":{"@id":"https:\/\/naxworks.com\/ca\/#organization"},"potentialAction":[{"@type":"SearchAction","target":{"@type":"EntryPoint","urlTemplate":"https:\/\/naxworks.com\/ca\/?s={search_term_string}"},"query-input":{"@type":"PropertyValueSpecification","valueRequired":true,"valueName":"search_term_string"}}],"inLanguage":"ca"},{"@type":"Organization","@id":"https:\/\/naxworks.com\/ca\/#organization","name":"NaxWorks.com","url":"https:\/\/naxworks.com\/ca\/","logo":{"@type":"ImageObject","inLanguage":"ca","@id":"https:\/\/naxworks.com\/ca\/#\/schema\/logo\/image\/","url":"https:\/\/naxworks.com\/wp-content\/uploads\/2024\/07\/NaxWorks_Logo.png","contentUrl":"https:\/\/naxworks.com\/wp-content\/uploads\/2024\/07\/NaxWorks_Logo.png","width":1080,"height":460,"caption":"NaxWorks.com"},"image":{"@id":"https:\/\/naxworks.com\/ca\/#\/schema\/logo\/image\/"}}]}},"_links":{"self":[{"href":"https:\/\/naxworks.com\/ca\/wp-json\/wp\/v2\/pages\/10543","targetHints":{"allow":["GET"]}}],"collection":[{"href":"https:\/\/naxworks.com\/ca\/wp-json\/wp\/v2\/pages"}],"about":[{"href":"https:\/\/naxworks.com\/ca\/wp-json\/wp\/v2\/types\/page"}],"author":[{"embeddable":true,"href":"https:\/\/naxworks.com\/ca\/wp-json\/wp\/v2\/users\/1"}],"replies":[{"embeddable":true,"href":"https:\/\/naxworks.com\/ca\/wp-json\/wp\/v2\/comments?post=10543"}],"version-history":[{"count":0,"href":"https:\/\/naxworks.com\/ca\/wp-json\/wp\/v2\/pages\/10543\/revisions"}],"wp:attachment":[{"href":"https:\/\/naxworks.com\/ca\/wp-json\/wp\/v2\/media?parent=10543"}],"curies":[{"name":"wp","href":"https:\/\/api.w.org\/{rel}","templated":true}]}}