{"id":10541,"date":"2024-10-20T23:12:57","date_gmt":"2024-10-20T21:12:57","guid":{"rendered":"https:\/\/naxworks.com\/politica-de-cookies\/"},"modified":"2024-10-26T10:46:13","modified_gmt":"2024-10-26T08:46:13","slug":"politica-de-cookies","status":"publish","type":"page","link":"https:\/\/naxworks.com\/ca\/politica-de-cookies\/","title":{"rendered":"Pol\u00edtica de cookies"},"content":{"rendered":"\t\t<div data-elementor-type=\"wp-page\" data-elementor-id=\"10541\" class=\"elementor elementor-10541 elementor-10473\" data-elementor-post-type=\"page\">\n\t\t\t\t<div class=\"elementor-element elementor-element-1406824 e-flex e-con-boxed e-con e-parent\" data-id=\"1406824\" data-element_type=\"container\">\n\t\t\t\t\t<div class=\"e-con-inner\">\n\t\t\t\t<div class=\"elementor-element elementor-element-e78e27d elementor-widget elementor-widget-text-editor\" data-id=\"e78e27d\" data-element_type=\"widget\" data-widget_type=\"text-editor.default\">\n\t\t\t\t<div class=\"elementor-widget-container\">\n\t\t\t\t\t\t\t\t\t<div role=\"main\"><div data-elementor-type=\"wp-page\" data-elementor-id=\"12822\" data-elementor-post-type=\"page\"><section data-id=\"a1be578\" data-element_type=\"section\"><div><div data-id=\"5c915ec\" data-element_type=\"column\"><div><div data-id=\"f13ef92\" data-element_type=\"widget\" data-widget_type=\"heading.default\"><div><h1>Pol\u00edtica de cookies\u00a0<\/h1><div>\u00a0<\/div><\/div><\/div><div data-id=\"b394549\" data-element_type=\"widget\" data-widget_type=\"text-editor.default\"><div><p>Aix\u00ed mateix, NaxWorks.com informa a l&#8217;usuari que t\u00e9 la possibilitat de configurar el vostre navegador de manera que se us informe de la recepci\u00f3 de cookies, podent, si aix\u00ed ho desitja, impedir que siguin instal\u00b7lades al vostre disc dur.<\/p><div data-id=\"9504148\" data-element_type=\"widget\" data-widget_type=\"text-editor.default\"><div><p>A continuaci\u00f3 us proporcionem els enlla\u00e7os de diversos navegadors, a trav\u00e9s dels quals podreu realitzar aquesta configuraci\u00f3:<\/p><ul><li>Firefox des d&#8217;aqu\u00ed: http:\/\/support.mozilla.org\/ca\/kb\/habilitar-y-deshabilitar-cookies-que-los-sitios-we<\/li><li>Chrome des d&#8217;aqu\u00ed: http:\/\/support.google.com\/chrome\/bin\/answer.py?hl=ca&amp;answer=95647<\/li><li>Explorer des d&#8217;aqu\u00ed: http:\/\/windows.microsoft.com\/es-es\/internet-explorer\/delete-manage-cookies#ie=ie-10<\/li><li>Safari des d&#8217;aqu\u00ed: https:\/\/support.apple.com\/kb\/ph17191?locale=ca_ES<\/li><li>Opera des d&#8217;aqu\u00ed: https:\/\/help.opera.com\/en\/latest\/web-preferences\/#cookies<\/li><\/ul><\/div><\/div><div data-id=\"75ba010\" data-element_type=\"widget\" data-widget_type=\"text-editor.default\"><div><p>Una Cookie \u00e9s un fitxer que es descarrega al vostre ordinador en accedir a determinades p\u00e0gines web. Les galetes permeten a una p\u00e0gina web, entre altres coses, emmagatzemar i recuperar informaci\u00f3 sobre els h\u00e0bits de navegaci\u00f3 d&#8217;un usuari o del seu equip i, depenent de la informaci\u00f3 que contingui i de la manera com utilitzi el seu equip, es poden utilitzar per recon\u00e8ixer a l&#8217;usuari.<\/p><\/div><\/div><div data-id=\"23a5fa2\" data-element_type=\"widget\" data-widget_type=\"text-editor.default\"><div><p>Les galetes s\u00f3n essencials per al funcionament d&#8217;internet, aportant innombrables avantatges en la prestaci\u00f3 de serveis interactius, facilitant-li la navegaci\u00f3 i usabilitat de la nostra web.<\/p><\/div><\/div><div data-id=\"1f7a62b\" data-element_type=\"widget\" data-widget_type=\"text-editor.default\"><div><p>La informaci\u00f3 que us proporcionem a continuaci\u00f3, us ajudar\u00e0 a comprendre els diferents tipus de cookies:<\/p><ul><li>SEGONS L&#8217;ENTITAT QUE LES GESTIONEU:<ol><li>Cookies pr\u00f2pies: S\u00f3n aquelles que es demanaven pel mateix editor per prestar el servei sol\u00b7licitat per l&#8217;usuari.<\/li><li>Cookies de tercer: S\u00f3n aquelles que s\u00f3n recollides i gestionades per un tercer, aquestes no es poden considerar pr\u00f2pies.<\/li><\/ol><\/li><\/ul><ul><li>SEGONS EL TERMINI DE TEMPS QUE ROMANDEN ACTIVADES<ol><li>Cookies de sessi\u00f3: Recaven dades mentre l&#8217;usuari navega per la xarxa amb la finalitat de prestar el servei sol\u00b7licitat.<\/li><li>Cookies persistents:\u00a0S&#8217;emmagatzemen al terminal i la informaci\u00f3 obtinguda, ser\u00e0 utilitzada pel responsable de la galeta amb la finalitat de prestar el servei sol\u00b7licitat.<\/li><\/ol><\/li><\/ul><ul><li>SEGUN LA SEVA FINALITAT<ol><li>Cookies t\u00e8cniques: S\u00f3n les necess\u00e0ries per a la correcta navegaci\u00f3 per la web.<\/li><li>Cookies de personalitzaci\u00f3: Permeten a l&#8217;usuari les caracter\u00edstiques (idioma) per a la navegaci\u00f3 per la web.<\/li><li>Cookies d&#8217;an\u00e0lisi: Permeten al prestador l&#8217;an\u00e0lisi vinculada a la navegaci\u00f3 realitzada per l&#8217;usuari, amb la finalitat de fer un seguiment d&#8217;\u00fas de la p\u00e0gina web, aix\u00ed com realitzar estad\u00edstiques dels continguts m\u00e9s visitats, nombre de visitants, etc. .<\/li><li>Cookies publicit\u00e0ries:\u00a0Permeten a l&#8217;editor incloure a la web, espais publicitaris, segons el contingut de la pr\u00f2pia web.<\/li><li>Cookies de publicitat comportamental: Permeten a l&#8217;editor incloure a la p\u00e0gina web espais publicitaris segons la informaci\u00f3 obtinguda a trav\u00e9s dels h\u00e0bits de navegaci\u00f3 de l&#8217;usuari.<\/li><\/ol><\/li><\/ul><\/div><\/div><div data-id=\"9263273\" data-element_type=\"widget\" data-widget_type=\"text-editor.default\"><div><p>Segons el que disposa l&#8217;article 22.2 de la Llei 34\/2002, d&#8217;11 de juliol, de Serveis de la Societat de la Informaci\u00f3 i de Comer\u00e7 Electr\u00f2nic (LSSI-CE), NaxWorks.com informa de les cookies utilitzades al nostre website:<\/p><ul><li>Google: NID<\/li><li>Google: Session Storage<\/li><li>Google: Local Storage<\/li><\/ul><\/div><\/div><div data-id=\"7a2eee8\" data-element_type=\"widget\" data-widget_type=\"text-editor.default\"><div><p>A NaxWorks.com s&#8217;utilitzen cookies t\u00e8cniques i de personalitzaci\u00f3, en sessi\u00f3 i persistent.<\/p><\/div><\/div><\/div><\/div><\/div><\/div><\/div><\/section><\/div><\/div>\t\t\t\t\t\t\t\t<\/div>\n\t\t\t\t<\/div>\n\t\t\t\t\t<\/div>\n\t\t\t\t<\/div>\n\t\t\t\t<\/div>\n\t\t","protected":false},"excerpt":{"rendered":"<p>Pol\u00edtica de cookies\u00a0 \u00a0 Aix\u00ed mateix, NaxWorks.com informa a l&#8217;usuari que t\u00e9 la possibilitat de configurar el vostre navegador de manera que se us informe de la recepci\u00f3 de cookies, podent, si aix\u00ed ho desitja, impedir que siguin instal\u00b7lades al vostre disc dur. A continuaci\u00f3 us proporcionem els enlla\u00e7os de diversos navegadors, a trav\u00e9s dels [&hellip;]<\/p>\n","protected":false},"author":1,"featured_media":0,"parent":0,"menu_order":0,"comment_status":"closed","ping_status":"closed","template":"elementor_header_footer","meta":{"_joinchat":[],"footnotes":""},"class_list":["post-10541","page","type-page","status-publish","hentry"],"yoast_head":"<!-- This site is optimized with the Yoast SEO plugin v24.6 - https:\/\/yoast.com\/wordpress\/plugins\/seo\/ -->\n<title>\u25b7 NaxWorks.com - Pol\u00edtica de cookies<\/title>\n<meta name=\"robots\" content=\"index, follow, max-snippet:-1, max-image-preview:large, max-video-preview:-1\" \/>\n<link rel=\"canonical\" href=\"https:\/\/naxworks.com\/ca\/politica-de-cookies\/\" \/>\n<meta property=\"og:locale\" content=\"ca_ES\" \/>\n<meta property=\"og:type\" content=\"article\" \/>\n<meta property=\"og:title\" content=\"\u25b7 NaxWorks.com - Pol\u00edtica de cookies\" \/>\n<meta property=\"og:description\" content=\"Pol\u00edtica de cookies\u00a0 \u00a0 Aix\u00ed mateix, NaxWorks.com informa a l&#8217;usuari que t\u00e9 la possibilitat de configurar el vostre navegador de manera que se us informe de la recepci\u00f3 de cookies, podent, si aix\u00ed ho desitja, impedir que siguin instal\u00b7lades al vostre disc dur. A continuaci\u00f3 us proporcionem els enlla\u00e7os de diversos navegadors, a trav\u00e9s dels [&hellip;]\" \/>\n<meta property=\"og:url\" content=\"https:\/\/naxworks.com\/ca\/politica-de-cookies\/\" \/>\n<meta property=\"og:site_name\" content=\"NaxWorks.com\" \/>\n<meta property=\"article:modified_time\" content=\"2024-10-26T08:46:13+00:00\" \/>\n<meta name=\"twitter:card\" content=\"summary_large_image\" \/>\n<meta name=\"twitter:label1\" content=\"Temps estimat de lectura\" \/>\n\t<meta name=\"twitter:data1\" content=\"3 minuts\" \/>\n<script type=\"application\/ld+json\" class=\"yoast-schema-graph\">{\"@context\":\"https:\/\/schema.org\",\"@graph\":[{\"@type\":\"WebPage\",\"@id\":\"https:\/\/naxworks.com\/ca\/politica-de-cookies\/\",\"url\":\"https:\/\/naxworks.com\/ca\/politica-de-cookies\/\",\"name\":\"\u25b7 NaxWorks.com - Pol\u00edtica de cookies\",\"isPartOf\":{\"@id\":\"https:\/\/naxworks.com\/ca\/#website\"},\"datePublished\":\"2024-10-20T21:12:57+00:00\",\"dateModified\":\"2024-10-26T08:46:13+00:00\",\"breadcrumb\":{\"@id\":\"https:\/\/naxworks.com\/ca\/politica-de-cookies\/#breadcrumb\"},\"inLanguage\":\"ca\",\"potentialAction\":[{\"@type\":\"ReadAction\",\"target\":[\"https:\/\/naxworks.com\/ca\/politica-de-cookies\/\"]}]},{\"@type\":\"BreadcrumbList\",\"@id\":\"https:\/\/naxworks.com\/ca\/politica-de-cookies\/#breadcrumb\",\"itemListElement\":[{\"@type\":\"ListItem\",\"position\":1,\"name\":\"Portada\",\"item\":\"https:\/\/naxworks.com\/en\/\"},{\"@type\":\"ListItem\",\"position\":2,\"name\":\"Pol\u00edtica de cookies\"}]},{\"@type\":\"WebSite\",\"@id\":\"https:\/\/naxworks.com\/ca\/#website\",\"url\":\"https:\/\/naxworks.com\/ca\/\",\"name\":\"NaxWorks.com\",\"description\":\"\",\"publisher\":{\"@id\":\"https:\/\/naxworks.com\/ca\/#organization\"},\"potentialAction\":[{\"@type\":\"SearchAction\",\"target\":{\"@type\":\"EntryPoint\",\"urlTemplate\":\"https:\/\/naxworks.com\/ca\/?s={search_term_string}\"},\"query-input\":{\"@type\":\"PropertyValueSpecification\",\"valueRequired\":true,\"valueName\":\"search_term_string\"}}],\"inLanguage\":\"ca\"},{\"@type\":\"Organization\",\"@id\":\"https:\/\/naxworks.com\/ca\/#organization\",\"name\":\"NaxWorks.com\",\"url\":\"https:\/\/naxworks.com\/ca\/\",\"logo\":{\"@type\":\"ImageObject\",\"inLanguage\":\"ca\",\"@id\":\"https:\/\/naxworks.com\/ca\/#\/schema\/logo\/image\/\",\"url\":\"https:\/\/naxworks.com\/wp-content\/uploads\/2024\/07\/NaxWorks_Logo.png\",\"contentUrl\":\"https:\/\/naxworks.com\/wp-content\/uploads\/2024\/07\/NaxWorks_Logo.png\",\"width\":1080,\"height\":460,\"caption\":\"NaxWorks.com\"},\"image\":{\"@id\":\"https:\/\/naxworks.com\/ca\/#\/schema\/logo\/image\/\"}}]}<\/script>\n<!-- \/ Yoast SEO plugin. -->","yoast_head_json":{"title":"\u25b7 NaxWorks.com - Pol\u00edtica de cookies","robots":{"index":"index","follow":"follow","max-snippet":"max-snippet:-1","max-image-preview":"max-image-preview:large","max-video-preview":"max-video-preview:-1"},"canonical":"https:\/\/naxworks.com\/ca\/politica-de-cookies\/","og_locale":"ca_ES","og_type":"article","og_title":"\u25b7 NaxWorks.com - Pol\u00edtica de cookies","og_description":"Pol\u00edtica de cookies\u00a0 \u00a0 Aix\u00ed mateix, NaxWorks.com informa a l&#8217;usuari que t\u00e9 la possibilitat de configurar el vostre navegador de manera que se us informe de la recepci\u00f3 de cookies, podent, si aix\u00ed ho desitja, impedir que siguin instal\u00b7lades al vostre disc dur. A continuaci\u00f3 us proporcionem els enlla\u00e7os de diversos navegadors, a trav\u00e9s dels [&hellip;]","og_url":"https:\/\/naxworks.com\/ca\/politica-de-cookies\/","og_site_name":"NaxWorks.com","article_modified_time":"2024-10-26T08:46:13+00:00","twitter_card":"summary_large_image","twitter_misc":{"Temps estimat de lectura":"3 minuts"},"schema":{"@context":"https:\/\/schema.org","@graph":[{"@type":"WebPage","@id":"https:\/\/naxworks.com\/ca\/politica-de-cookies\/","url":"https:\/\/naxworks.com\/ca\/politica-de-cookies\/","name":"\u25b7 NaxWorks.com - Pol\u00edtica de cookies","isPartOf":{"@id":"https:\/\/naxworks.com\/ca\/#website"},"datePublished":"2024-10-20T21:12:57+00:00","dateModified":"2024-10-26T08:46:13+00:00","breadcrumb":{"@id":"https:\/\/naxworks.com\/ca\/politica-de-cookies\/#breadcrumb"},"inLanguage":"ca","potentialAction":[{"@type":"ReadAction","target":["https:\/\/naxworks.com\/ca\/politica-de-cookies\/"]}]},{"@type":"BreadcrumbList","@id":"https:\/\/naxworks.com\/ca\/politica-de-cookies\/#breadcrumb","itemListElement":[{"@type":"ListItem","position":1,"name":"Portada","item":"https:\/\/naxworks.com\/en\/"},{"@type":"ListItem","position":2,"name":"Pol\u00edtica de cookies"}]},{"@type":"WebSite","@id":"https:\/\/naxworks.com\/ca\/#website","url":"https:\/\/naxworks.com\/ca\/","name":"NaxWorks.com","description":"","publisher":{"@id":"https:\/\/naxworks.com\/ca\/#organization"},"potentialAction":[{"@type":"SearchAction","target":{"@type":"EntryPoint","urlTemplate":"https:\/\/naxworks.com\/ca\/?s={search_term_string}"},"query-input":{"@type":"PropertyValueSpecification","valueRequired":true,"valueName":"search_term_string"}}],"inLanguage":"ca"},{"@type":"Organization","@id":"https:\/\/naxworks.com\/ca\/#organization","name":"NaxWorks.com","url":"https:\/\/naxworks.com\/ca\/","logo":{"@type":"ImageObject","inLanguage":"ca","@id":"https:\/\/naxworks.com\/ca\/#\/schema\/logo\/image\/","url":"https:\/\/naxworks.com\/wp-content\/uploads\/2024\/07\/NaxWorks_Logo.png","contentUrl":"https:\/\/naxworks.com\/wp-content\/uploads\/2024\/07\/NaxWorks_Logo.png","width":1080,"height":460,"caption":"NaxWorks.com"},"image":{"@id":"https:\/\/naxworks.com\/ca\/#\/schema\/logo\/image\/"}}]}},"_links":{"self":[{"href":"https:\/\/naxworks.com\/ca\/wp-json\/wp\/v2\/pages\/10541","targetHints":{"allow":["GET"]}}],"collection":[{"href":"https:\/\/naxworks.com\/ca\/wp-json\/wp\/v2\/pages"}],"about":[{"href":"https:\/\/naxworks.com\/ca\/wp-json\/wp\/v2\/types\/page"}],"author":[{"embeddable":true,"href":"https:\/\/naxworks.com\/ca\/wp-json\/wp\/v2\/users\/1"}],"replies":[{"embeddable":true,"href":"https:\/\/naxworks.com\/ca\/wp-json\/wp\/v2\/comments?post=10541"}],"version-history":[{"count":0,"href":"https:\/\/naxworks.com\/ca\/wp-json\/wp\/v2\/pages\/10541\/revisions"}],"wp:attachment":[{"href":"https:\/\/naxworks.com\/ca\/wp-json\/wp\/v2\/media?parent=10541"}],"curies":[{"name":"wp","href":"https:\/\/api.w.org\/{rel}","templated":true}]}}