{"id":10539,"date":"2024-09-15T16:40:53","date_gmt":"2024-09-15T14:40:53","guid":{"rendered":"https:\/\/naxworks.com\/condiciones-de-uso\/"},"modified":"2024-10-26T10:44:58","modified_gmt":"2024-10-26T08:44:58","slug":"condicions-dus","status":"publish","type":"page","link":"https:\/\/naxworks.com\/ca\/condicions-dus\/","title":{"rendered":"Condicions d&#8217;\u00fas"},"content":{"rendered":"\t\t<div data-elementor-type=\"wp-page\" data-elementor-id=\"10539\" class=\"elementor elementor-10539 elementor-8949\" data-elementor-post-type=\"page\">\n\t\t\t\t<div class=\"elementor-element elementor-element-5b9fa7c e-flex e-con-boxed e-con e-parent\" data-id=\"5b9fa7c\" data-element_type=\"container\">\n\t\t\t\t\t<div class=\"e-con-inner\">\n\t\t\t\t<div class=\"elementor-element elementor-element-0731a13 elementor-widget elementor-widget-text-editor\" data-id=\"0731a13\" data-element_type=\"widget\" data-widget_type=\"text-editor.default\">\n\t\t\t\t<div class=\"elementor-widget-container\">\n\t\t\t\t\t\t\t\t\t<div data-id=\"8f330e3\" data-element_type=\"widget\" data-widget_type=\"heading.default\"><div><h1>Condicions d\u00fas\u00a0<\/h1><\/div><\/div><div data-id=\"795bd82\" data-element_type=\"widget\" data-widget_type=\"text-editor.default\"><div><div data-id=\"208b65a\" data-element_type=\"widget\" data-widget_type=\"text-editor.default\"><div><p>En compliment de la Llei 34\/2002, de 11 de juliol, de Serveis de la Societat de la Informaci\u00f3 i de Comer\u00e7 Electr\u00f2nic (LSSI-CE), Ra\u00fal Naranjo<span style=\"font-family: var(--font-main), sans-serif; letter-spacing: var(--font-main-letterspacing); color: var(-- black); text-align: left; background-color: var(--white);\">\u00a0<\/span><span style=\"font-family: var(--font-main), sans-serif; spacing: var(--font-main-letterspacing); color: var(--black); background-color: var(--white);\">informa que \u00e9s titular del lloc web www.naxworks.com.&lt;\/ span&gt;<span style=\"font-family: var(--font-main), sans-serif; letter-spacing: var(--font-main-letterspacing); background-color: var(--white); color: var(--black);\"> L&#8217;adre\u00e7a de correu electr\u00f2nic de contacte amb l&#8217;empresa \u00e9s: admin@<\/span><span style=\"font-family: var(--font-main), sans-serif; letter-spacing: var(--font-main-letterspacing); background-color: var(--white); color: var(--black);\" tabindex=\"0\" role=\"textbox\" contenteditable=\"plaintext-only\">naxworks.com<\/span><\/span><\/p><\/div><\/div><div data-id=\"798a7fa\" data-element_type=\"widget\" data-widget_type=\"text-editor.default\"><div>\u00a0<\/div><\/div><\/div><\/div><div data-id=\"23ab7ab\" data-element_type=\"widget\" data-widget_type=\"heading.default\"><div><h4>Usuari i r\u00e8gim de responsabilitats<\/h4><div>La navegaci\u00f3, acc\u00e9s i \u00fas pel lloc web de NaxWorks.com confereix la condici\u00f3 d&#8217;usuari, per la qual s&#8217;accepten, des de la navegaci\u00f3 pel lloc web de NaxWorks.com, totes les condicions d&#8217;\u00fas establertes aqu\u00ed sense perjudici de l&#8217;aplicaci\u00f3 de la corresponent normativa de compliment legal obligat segons el cas.<\/div><\/div><\/div><div data-id=\"32543e6\" data-element_type=\"widget\" data-widget_type=\"text-editor.default\"><div data-id=\"208b65a\" data-element_type=\"widget\" data-widget_type=\"text-editor.default\"><div data-id=\"c7e16fb\" data-element_type=\"widget\" data-widget_type=\"text-editor.default\"><div><p>El lloc web de NaxWorks.com proporciona gran diversitat d&#8217;informaci\u00f3, serveis i dades. L&#8217;usuari assumeix la responsabilitat en l&#8217;\u00fas correcte del lloc web. Aquesta responsabilitat s&#8217;estendr\u00e0 a:<\/p><ul><li>La veracitat i licitud de les informacions aportades per l&#8217;usuari als formularis estesos per NaxWorks.com\u00a0per a l&#8217;acc\u00e9s a certs continguts o serveis oferts pel web.<\/li><li>L&#8217;\u00fas de la informaci\u00f3, serveis i dades ofertes per NaxWorks.com\u00a0contr\u00e0riament al que disposen aquestes condicions, la Llei, la moral, els bons costums o l&#8217;ordre p\u00fablic, o que de qualsevol altra manera puguin suposar lesi\u00f3 de els drets de tercers o del mateix funcionament del lloc web.<\/li><\/ul><div>\u00a0<\/div><\/div><\/div><\/div><\/div><div data-id=\"a4caaf5\" data-element_type=\"widget\" data-widget_type=\"heading.default\"><div><h4>Pol\u00edtica d&#8217;enlla\u00e7os i exempcions de responsabilitat<\/h4><\/div><\/div><div data-id=\"60d323a\" data-element_type=\"widget\" data-widget_type=\"text-editor.default\"><div><div data-id=\"50da305\" data-element_type=\"widget\" data-widget_type=\"text-editor.default\"><div><p>NaxWorks.com no es fa responsable del contingut dels llocs web a qu\u00e8 l&#8217;usuari pugui accedir a trav\u00e9s dels enlla\u00e7os establerts al seu lloc web i declara que en cap cas procedir\u00e0 a examinar o exercitar cap tipus de control sobre el contingut d&#8217;altres llocs de la xarxa. Aix\u00ed mateix, tampoc garantir\u00e0 la disponibilitat t\u00e8cnica, exactitud, veracitat, validesa o legalitat de llocs aliens a la seva propietat a qu\u00e8 es pugui accedir per mitj\u00e0 dels enlla\u00e7os.<\/p><\/div><\/div><div data-id=\"929f2b7\" data-element_type=\"widget\" data-widget_type=\"text-editor.default\"><div><p>NaxWorks.com declara haver adoptat totes les mesures necess\u00e0ries per evitar qualsevol dany als usuaris del vostre lloc web, que poguessin derivar-se de la navegaci\u00f3 pel seu lloc web. En conseq\u00fc\u00e8ncia, NaxWorks.com no es fa responsable, en cap cas, dels eventuals danys que per la navegaci\u00f3 per Internet pogu\u00e9s patir l&#8217;usuari.<\/p><\/div><\/div><\/div><\/div><div data-id=\"538de6b\" data-element_type=\"widget\" data-widget_type=\"heading.default\"><div><h4>\u00a0<\/h4><h4>Modificacions<\/h4><div>NaxWorks.com es reserva el dret a realitzar les modificacions que consideri oportunes, sense previ av\u00eds, en el contingut del seu lloc web. Tant pel que fa als continguts del lloc web, com a les condicions d&#8217;\u00fas. Aquestes modificacions es poden fera trav\u00e9s del seu lloc web per qualsevol forma admissible en dret i seran de compliment obligat durant el temps en qu\u00e8 es trobin publicades a la web i fins que no siguin modificades v\u00e0lidament per altres de posteriors.<\/div><\/div><\/div><div data-id=\"232e1ed\" data-element_type=\"widget\" data-widget_type=\"heading.default\"><div><h4>\u00a0<\/h4><h4>Protecci\u00f3 de dades<\/h4><div>De conformitat amb el que estableix la normativa vigent en Protecci\u00f3 de Dades de Car\u00e0cter Personal, us informem que les vostres dades seran incorporades al sistema de tractament titularitat de NaxWorks.com amb la finalitat de poder facilitar, agilitzar i complir els compromisos establerts entre ambdues parts. En compliment de la normativa vigent, NaxWorks.com informa que les dades seran conservades durant el termini estrictament necessari per complir els preceptes esmentats anteriorment.<\/div><\/div><\/div><div data-id=\"7fb82c4\" data-element_type=\"widget\" data-widget_type=\"text-editor.default\"><div data-id=\"50da305\" data-element_type=\"widget\" data-widget_type=\"text-editor.default\"><div data-id=\"9787256\" data-element_type=\"widget\" data-widget_type=\"text-editor.default\"><div><p>Us informem que el tractament de les vostres dades est\u00e0 legitimat pel vostre consentiment.<\/p><\/div><\/div><div data-id=\"722ca4d\" data-element_type=\"widget\" data-widget_type=\"text-editor.default\"><div><p>NaxWorks.com informa que procedir\u00e0 a tractar les dades de manera l\u00edcita, lleial, transparent, adequada, pertinent, limitada, exacta i actualitzada. \u00c9s per aix\u00f2 que NaxWorks.com es compromet a adoptar totes les mesures raonables perqu\u00e8 aquests se suprimeixin o rectifiquin sense dilaci\u00f3 quan siguin inexactes.<\/p><\/div><\/div><div data-id=\"ddae0eb\" data-element_type=\"widget\" data-widget_type=\"text-editor.default\"><div><p>D&#8217;acord amb els drets que us confereix la normativa vigent en protecci\u00f3 de dades podreu exercir els drets d&#8217;acc\u00e9s, rectificaci\u00f3, limitaci\u00f3 de tractament, supressi\u00f3, portabilitat i oposici\u00f3 al tractament de les vostres dades de car\u00e0cter personal aix\u00ed com del consentiment prestat per al tractament. d&#8217;aquests, dirigint la vostra petici\u00f3 a l&#8217;adre\u00e7a postal indicada m\u00e9s amunt o al correu electr\u00f2nic: admin@naxworks.com<\/p><\/div><\/div><div data-id=\"582bba3\" data-element_type=\"widget\" data-widget_type=\"text-editor.default\"><div><p>Podr\u00e0 adre\u00e7ar-se a lAutoritat de Control competent per presentar la reclamaci\u00f3 que consideri oportuna.<\/p><\/div><\/div><\/div><\/div><div data-id=\"cceb61d\" data-element_type=\"widget\" data-widget_type=\"heading.default\"><div><h4>\u00a0<\/h4><h4>Propietat intel\u00b7lectual i industrial<\/h4><div>NaxWorks.com per si mateixa o com a cession\u00e0ria, \u00e9s titular de tots els drets de propietat intel\u00b7lectual i industrial de la seva p\u00e0gina web, aix\u00ed com dels elements continguts a la mateixa (a t\u00edtol enunciatiu, imatges, so, \u00e0udio, v\u00eddeo , programari o textos; marques o logotips, combinacions de colors, estructura i disseny, selecci\u00f3 de materials usats, programes d&#8217;ordinador necessaris per al seu funcionament, acc\u00e9s i \u00fas, etc.), titularitat de NaxWorks.com. Seran, per tant, obres protegides com a propietat intel\u00b7lectual per l&#8217;ordenament jur\u00eddic espanyol, i els seran aplicables tant la normativa espanyola i comunit\u00e0ria en aquest camp, com els tractats internacionals relatius a la mat\u00e8ria i subscrits per Espanya.<\/div><\/div><\/div><div data-id=\"3e18ba6\" data-element_type=\"widget\" data-widget_type=\"text-editor.default\"><div data-id=\"50da305\" data-element_type=\"widget\" data-widget_type=\"text-editor.default\"><div data-id=\"d07a2d4\" data-element_type=\"widget\" data-widget_type=\"text-editor.default\"><div data-id=\"0031f4a\" data-element_type=\"widget\" data-widget_type=\"text-editor.default\"><div>\u00a0<\/div><\/div><div data-id=\"376aa43\" data-element_type=\"widget\" data-widget_type=\"text-editor.default\"><div><p>Tots els drets reservats. En virtut del que disposa la Llei de propietat intel\u00b7lectual, queden expressament prohibides la reproducci\u00f3, la distribuci\u00f3 i la comunicaci\u00f3 p\u00fablica, inclosa la seva modalitat de posada a disposici\u00f3, de la totalitat o part dels continguts d&#8217;aquesta p\u00e0gina web, amb fins comercials, a qualsevol suport i per qualsevol mitj\u00e0 t\u00e8cnic, sense l&#8217;autoritzaci\u00f3 de NaxWorks.com<\/p><\/div><\/div><div data-id=\"bb3648e\" data-element_type=\"widget\" data-widget_type=\"text-editor.default\"><div><p>L&#8217;usuari es compromet a respectar els drets de propietat intel\u00b7lectual i industrial titularitat de NaxWorks.com. Podreu visualitzar els elements del portal i fins i tot imprimir-los, copiar-los i emmagatzemar-los al disc dur del vostre ordinador o en qualsevol altre suport f\u00edsic sempre que sigui, \u00fanica i exclusivament, per al seu \u00fas personal i privat. L&#8217;usuari haur\u00e0 d&#8217;abstenir-se de suprimir, alterar, eludir o manipular qualsevol dispositiu de protecci\u00f3 o sistema de seguretat que estigu\u00e9s instal\u00b7lat a les p\u00e0gines de NaxWorks.com<span style=\"font-family: var(--font-main), sans- serif; letter-spacing: var(--font-main-letterspacing); background-color: var(--white); color: var(--black);\">.\u00a0<\/span><\/p><\/div><\/div><\/div><\/div><\/div><div data-id=\"1efaab7\" data-element_type=\"widget\" data-widget_type=\"heading.default\"><div><h4>\u00a0<\/h4><h4>Accions legals, legislaci\u00f3 aplicable i jurisdicci\u00f3<\/h4><div>NaxWorks.com es reserva, aix\u00ed mateix, la facultat de presentar les accions civils o penals que consideri oportunes per la utilitzaci\u00f3 indeguda del vostre lloc web i continguts, o per l&#8217;incompliment de les presents condicions.<\/div><\/div><\/div><div data-id=\"57687e9\" data-element_type=\"widget\" data-widget_type=\"text-editor.default\"><div data-id=\"50da305\" data-element_type=\"widget\" data-widget_type=\"text-editor.default\"><div data-id=\"d07a2d4\" data-element_type=\"widget\" data-widget_type=\"text-editor.default\"><div data-id=\"0031f4a\" data-element_type=\"widget\" data-widget_type=\"text-editor.default\"><div data-id=\"9f04d1b\" data-element_type=\"widget\" data-widget_type=\"text-editor.default\"><div><p>La relaci\u00f3 entre l&#8217;usuari i el prestador es regir\u00e0 per la normativa vigent i aplicable al territori espanyol. Si sorgeix qualsevol controv\u00e8rsia, les parts poden sotmetre els seus conflictes a arbitratge o acudir a la jurisdicci\u00f3 ordin\u00e0ria complint amb les normes sobre jurisdicci\u00f3 i compet\u00e8ncia sobre aix\u00f2. NaxWorks.com\u00a0t\u00e9 el vostre domicili a BARCELONA, Espanya.<\/p><\/div><\/div><\/div><\/div><\/div><\/div>\t\t\t\t\t\t\t\t<\/div>\n\t\t\t\t<\/div>\n\t\t\t\t\t<\/div>\n\t\t\t\t<\/div>\n\t\t\t\t<\/div>\n\t\t","protected":false},"excerpt":{"rendered":"<p>Condicions d\u00fas\u00a0 En compliment de la Llei 34\/2002, de 11 de juliol, de Serveis de la Societat de la Informaci\u00f3 i de Comer\u00e7 Electr\u00f2nic (LSSI-CE), Ra\u00fal Naranjo\u00a0informa que \u00e9s titular del lloc web www.naxworks.com.&lt;\/ span&gt; L&#8217;adre\u00e7a de correu electr\u00f2nic de contacte amb l&#8217;empresa \u00e9s: admin@naxworks.com \u00a0 Usuari i r\u00e8gim de responsabilitats La navegaci\u00f3, acc\u00e9s i [&hellip;]<\/p>\n","protected":false},"author":1,"featured_media":0,"parent":0,"menu_order":0,"comment_status":"closed","ping_status":"closed","template":"","meta":{"_joinchat":[],"footnotes":""},"class_list":["post-10539","page","type-page","status-publish","hentry"],"yoast_head":"<!-- This site is optimized with the Yoast SEO plugin v24.6 - https:\/\/yoast.com\/wordpress\/plugins\/seo\/ -->\n<title>\u25b7 NaxWorks.com - Condicions d&#039;\u00fas<\/title>\n<meta name=\"robots\" content=\"index, follow, max-snippet:-1, max-image-preview:large, max-video-preview:-1\" \/>\n<link rel=\"canonical\" href=\"https:\/\/naxworks.com\/ca\/condicions-dus\/\" \/>\n<meta property=\"og:locale\" content=\"ca_ES\" \/>\n<meta property=\"og:type\" content=\"article\" \/>\n<meta property=\"og:title\" content=\"\u25b7 NaxWorks.com - Condicions d&#039;\u00fas\" \/>\n<meta property=\"og:description\" content=\"Condicions d\u00fas\u00a0 En compliment de la Llei 34\/2002, de 11 de juliol, de Serveis de la Societat de la Informaci\u00f3 i de Comer\u00e7 Electr\u00f2nic (LSSI-CE), Ra\u00fal Naranjo\u00a0informa que \u00e9s titular del lloc web www.naxworks.com.&lt;\/ span&gt; L&#8217;adre\u00e7a de correu electr\u00f2nic de contacte amb l&#8217;empresa \u00e9s: admin@naxworks.com \u00a0 Usuari i r\u00e8gim de responsabilitats La navegaci\u00f3, acc\u00e9s i [&hellip;]\" \/>\n<meta property=\"og:url\" content=\"https:\/\/naxworks.com\/ca\/condicions-dus\/\" \/>\n<meta property=\"og:site_name\" content=\"NaxWorks.com\" \/>\n<meta property=\"article:modified_time\" content=\"2024-10-26T08:44:58+00:00\" \/>\n<meta name=\"twitter:card\" content=\"summary_large_image\" \/>\n<meta name=\"twitter:label1\" content=\"Temps estimat de lectura\" \/>\n\t<meta name=\"twitter:data1\" content=\"6 minuts\" \/>\n<script type=\"application\/ld+json\" class=\"yoast-schema-graph\">{\"@context\":\"https:\/\/schema.org\",\"@graph\":[{\"@type\":\"WebPage\",\"@id\":\"https:\/\/naxworks.com\/ca\/condicions-dus\/\",\"url\":\"https:\/\/naxworks.com\/ca\/condicions-dus\/\",\"name\":\"\u25b7 NaxWorks.com - Condicions d'\u00fas\",\"isPartOf\":{\"@id\":\"https:\/\/naxworks.com\/ca\/#website\"},\"datePublished\":\"2024-09-15T14:40:53+00:00\",\"dateModified\":\"2024-10-26T08:44:58+00:00\",\"breadcrumb\":{\"@id\":\"https:\/\/naxworks.com\/ca\/condicions-dus\/#breadcrumb\"},\"inLanguage\":\"ca\",\"potentialAction\":[{\"@type\":\"ReadAction\",\"target\":[\"https:\/\/naxworks.com\/ca\/condicions-dus\/\"]}]},{\"@type\":\"BreadcrumbList\",\"@id\":\"https:\/\/naxworks.com\/ca\/condicions-dus\/#breadcrumb\",\"itemListElement\":[{\"@type\":\"ListItem\",\"position\":1,\"name\":\"Portada\",\"item\":\"https:\/\/naxworks.com\/en\/\"},{\"@type\":\"ListItem\",\"position\":2,\"name\":\"Condicions d&#8217;\u00fas\"}]},{\"@type\":\"WebSite\",\"@id\":\"https:\/\/naxworks.com\/ca\/#website\",\"url\":\"https:\/\/naxworks.com\/ca\/\",\"name\":\"NaxWorks.com\",\"description\":\"\",\"publisher\":{\"@id\":\"https:\/\/naxworks.com\/ca\/#organization\"},\"potentialAction\":[{\"@type\":\"SearchAction\",\"target\":{\"@type\":\"EntryPoint\",\"urlTemplate\":\"https:\/\/naxworks.com\/ca\/?s={search_term_string}\"},\"query-input\":{\"@type\":\"PropertyValueSpecification\",\"valueRequired\":true,\"valueName\":\"search_term_string\"}}],\"inLanguage\":\"ca\"},{\"@type\":\"Organization\",\"@id\":\"https:\/\/naxworks.com\/ca\/#organization\",\"name\":\"NaxWorks.com\",\"url\":\"https:\/\/naxworks.com\/ca\/\",\"logo\":{\"@type\":\"ImageObject\",\"inLanguage\":\"ca\",\"@id\":\"https:\/\/naxworks.com\/ca\/#\/schema\/logo\/image\/\",\"url\":\"https:\/\/naxworks.com\/wp-content\/uploads\/2024\/07\/NaxWorks_Logo.png\",\"contentUrl\":\"https:\/\/naxworks.com\/wp-content\/uploads\/2024\/07\/NaxWorks_Logo.png\",\"width\":1080,\"height\":460,\"caption\":\"NaxWorks.com\"},\"image\":{\"@id\":\"https:\/\/naxworks.com\/ca\/#\/schema\/logo\/image\/\"}}]}<\/script>\n<!-- \/ Yoast SEO plugin. -->","yoast_head_json":{"title":"\u25b7 NaxWorks.com - Condicions d'\u00fas","robots":{"index":"index","follow":"follow","max-snippet":"max-snippet:-1","max-image-preview":"max-image-preview:large","max-video-preview":"max-video-preview:-1"},"canonical":"https:\/\/naxworks.com\/ca\/condicions-dus\/","og_locale":"ca_ES","og_type":"article","og_title":"\u25b7 NaxWorks.com - Condicions d'\u00fas","og_description":"Condicions d\u00fas\u00a0 En compliment de la Llei 34\/2002, de 11 de juliol, de Serveis de la Societat de la Informaci\u00f3 i de Comer\u00e7 Electr\u00f2nic (LSSI-CE), Ra\u00fal Naranjo\u00a0informa que \u00e9s titular del lloc web www.naxworks.com.&lt;\/ span&gt; L&#8217;adre\u00e7a de correu electr\u00f2nic de contacte amb l&#8217;empresa \u00e9s: admin@naxworks.com \u00a0 Usuari i r\u00e8gim de responsabilitats La navegaci\u00f3, acc\u00e9s i [&hellip;]","og_url":"https:\/\/naxworks.com\/ca\/condicions-dus\/","og_site_name":"NaxWorks.com","article_modified_time":"2024-10-26T08:44:58+00:00","twitter_card":"summary_large_image","twitter_misc":{"Temps estimat de lectura":"6 minuts"},"schema":{"@context":"https:\/\/schema.org","@graph":[{"@type":"WebPage","@id":"https:\/\/naxworks.com\/ca\/condicions-dus\/","url":"https:\/\/naxworks.com\/ca\/condicions-dus\/","name":"\u25b7 NaxWorks.com - Condicions d'\u00fas","isPartOf":{"@id":"https:\/\/naxworks.com\/ca\/#website"},"datePublished":"2024-09-15T14:40:53+00:00","dateModified":"2024-10-26T08:44:58+00:00","breadcrumb":{"@id":"https:\/\/naxworks.com\/ca\/condicions-dus\/#breadcrumb"},"inLanguage":"ca","potentialAction":[{"@type":"ReadAction","target":["https:\/\/naxworks.com\/ca\/condicions-dus\/"]}]},{"@type":"BreadcrumbList","@id":"https:\/\/naxworks.com\/ca\/condicions-dus\/#breadcrumb","itemListElement":[{"@type":"ListItem","position":1,"name":"Portada","item":"https:\/\/naxworks.com\/en\/"},{"@type":"ListItem","position":2,"name":"Condicions d&#8217;\u00fas"}]},{"@type":"WebSite","@id":"https:\/\/naxworks.com\/ca\/#website","url":"https:\/\/naxworks.com\/ca\/","name":"NaxWorks.com","description":"","publisher":{"@id":"https:\/\/naxworks.com\/ca\/#organization"},"potentialAction":[{"@type":"SearchAction","target":{"@type":"EntryPoint","urlTemplate":"https:\/\/naxworks.com\/ca\/?s={search_term_string}"},"query-input":{"@type":"PropertyValueSpecification","valueRequired":true,"valueName":"search_term_string"}}],"inLanguage":"ca"},{"@type":"Organization","@id":"https:\/\/naxworks.com\/ca\/#organization","name":"NaxWorks.com","url":"https:\/\/naxworks.com\/ca\/","logo":{"@type":"ImageObject","inLanguage":"ca","@id":"https:\/\/naxworks.com\/ca\/#\/schema\/logo\/image\/","url":"https:\/\/naxworks.com\/wp-content\/uploads\/2024\/07\/NaxWorks_Logo.png","contentUrl":"https:\/\/naxworks.com\/wp-content\/uploads\/2024\/07\/NaxWorks_Logo.png","width":1080,"height":460,"caption":"NaxWorks.com"},"image":{"@id":"https:\/\/naxworks.com\/ca\/#\/schema\/logo\/image\/"}}]}},"_links":{"self":[{"href":"https:\/\/naxworks.com\/ca\/wp-json\/wp\/v2\/pages\/10539","targetHints":{"allow":["GET"]}}],"collection":[{"href":"https:\/\/naxworks.com\/ca\/wp-json\/wp\/v2\/pages"}],"about":[{"href":"https:\/\/naxworks.com\/ca\/wp-json\/wp\/v2\/types\/page"}],"author":[{"embeddable":true,"href":"https:\/\/naxworks.com\/ca\/wp-json\/wp\/v2\/users\/1"}],"replies":[{"embeddable":true,"href":"https:\/\/naxworks.com\/ca\/wp-json\/wp\/v2\/comments?post=10539"}],"version-history":[{"count":0,"href":"https:\/\/naxworks.com\/ca\/wp-json\/wp\/v2\/pages\/10539\/revisions"}],"wp:attachment":[{"href":"https:\/\/naxworks.com\/ca\/wp-json\/wp\/v2\/media?parent=10539"}],"curies":[{"name":"wp","href":"https:\/\/api.w.org\/{rel}","templated":true}]}}