{"id":10537,"date":"2022-10-19T10:35:44","date_gmt":"2022-10-19T08:35:44","guid":{"rendered":"https:\/\/naxworks.com\/contacto\/"},"modified":"2024-10-26T10:41:56","modified_gmt":"2024-10-26T08:41:56","slug":"contacte","status":"publish","type":"page","link":"https:\/\/naxworks.com\/ca\/contacte\/","title":{"rendered":"Contacte"},"content":{"rendered":"\t\t<div data-elementor-type=\"wp-page\" data-elementor-id=\"10537\" class=\"elementor elementor-10537 elementor-2612\" data-elementor-post-type=\"page\">\n\t\t\t\t\t\t<section class=\"elementor-section elementor-top-section elementor-element elementor-element-7a092ad elementor-section-full_width elementor-section-height-default elementor-section-height-default qodef-elementor-content-no\" data-id=\"7a092ad\" data-element_type=\"section\">\n\t\t\t\t\t\t<div class=\"elementor-container elementor-column-gap-default\">\n\t\t\t\t\t<div class=\"elementor-column elementor-col-50 elementor-top-column elementor-element elementor-element-b71fb32\" data-id=\"b71fb32\" data-element_type=\"column\" data-settings=\"{&quot;background_background&quot;:&quot;classic&quot;}\">\n\t\t\t<div class=\"elementor-widget-wrap elementor-element-populated\">\n\t\t\t\t\t\t<div class=\"elementor-element elementor-element-5ea9796 elementor-widget elementor-widget-manufaktursolutions_core_section_title\" data-id=\"5ea9796\" data-element_type=\"widget\" data-widget_type=\"manufaktursolutions_core_section_title.default\">\n\t\t\t\t<div class=\"elementor-widget-container\">\n\t\t\t\t\t<div class=\"qodef-shortcode qodef-m  qodef-section-title qodef-alignment--left qodef-title-break--disabled  \">\n\t\t<p class=\"qodef-m-highlight-text\" >Contacta amb nosaltres<\/p>\n\t\t<h3 class=\"qodef-m-title\" >\n\t\t\t\t\tTens un projecte?\t\t\t<\/h3>\n\t\t<p class=\"qodef-m-subtitle\" >Et respondrem com m\u00e9s aviat millor<\/p>\n\t<\/div>\n\t\t\t\t<\/div>\n\t\t\t\t<\/div>\n\t\t\t\t<div class=\"elementor-element elementor-element-5f4a7ea elementor-widget elementor-widget-text-editor\" data-id=\"5f4a7ea\" data-element_type=\"widget\" data-widget_type=\"text-editor.default\">\n\t\t\t\t<div class=\"elementor-widget-container\">\n\t\t\t\t\t\t\t\t\t<p>Si tens alguna pregunta, necessites assessorament o vols saber-ne m\u00e9s sobre els nostres serveis, no dubtis en contactar-nos. Estem a la teva disposici\u00f3 per oferir-te la millor atenci\u00f3.<\/p>\t\t\t\t\t\t\t\t<\/div>\n\t\t\t\t<\/div>\n\t\t\t\t<div class=\"elementor-element elementor-element-b037309 elementor-widget elementor-widget-manufaktursolutions_core_custom_font\" data-id=\"b037309\" data-element_type=\"widget\" data-widget_type=\"manufaktursolutions_core_custom_font.default\">\n\t\t\t\t<div class=\"elementor-widget-container\">\n\t\t\t\t\t<p class=\"qodef-shortcode qodef-m  qodef-custom-font qodef-custom-font-340 qodef-layout--simple\" style=\"color: #15141C;font-family: lATO;font-size: 14px;font-weight: 700\">Email:<\/p>\n\t\t\t\t<\/div>\n\t\t\t\t<\/div>\n\t\t\t\t<div class=\"elementor-element elementor-element-ddb33fa elementor-widget elementor-widget-text-editor\" data-id=\"ddb33fa\" data-element_type=\"widget\" data-widget_type=\"text-editor.default\">\n\t\t\t\t<div class=\"elementor-widget-container\">\n\t\t\t\t\t\t\t\t\t<p><a href=\"mailto:admin@naxworks.com\">admin@naxworks.com<\/a><\/p>\t\t\t\t\t\t\t\t<\/div>\n\t\t\t\t<\/div>\n\t\t\t\t<div class=\"elementor-element elementor-element-640baa2 elementor-widget elementor-widget-manufaktursolutions_core_custom_font\" data-id=\"640baa2\" data-element_type=\"widget\" data-widget_type=\"manufaktursolutions_core_custom_font.default\">\n\t\t\t\t<div class=\"elementor-widget-container\">\n\t\t\t\t\t<p class=\"qodef-shortcode qodef-m  qodef-custom-font qodef-custom-font-642 qodef-layout--simple\" style=\"color: #15141C;font-family: lATO;font-size: 14px;font-weight: 700\">WhatsApp:<\/p>\n\t\t\t\t<\/div>\n\t\t\t\t<\/div>\n\t\t\t\t<div class=\"elementor-element elementor-element-5aa7350 elementor-widget elementor-widget-text-editor\" data-id=\"5aa7350\" data-element_type=\"widget\" data-widget_type=\"text-editor.default\">\n\t\t\t\t<div class=\"elementor-widget-container\">\n\t\t\t\t\t\t\t\t\t<p><a href=\"tel:+34605699407\"> +34 605 699 407<\/a><\/p>\t\t\t\t\t\t\t\t<\/div>\n\t\t\t\t<\/div>\n\t\t\t\t<div class=\"elementor-element elementor-element-267976b elementor-widget elementor-widget-manufaktursolutions_core_custom_font\" data-id=\"267976b\" data-element_type=\"widget\" data-widget_type=\"manufaktursolutions_core_custom_font.default\">\n\t\t\t\t<div class=\"elementor-widget-container\">\n\t\t\t\t\t<p class=\"qodef-shortcode qodef-m  qodef-custom-font qodef-custom-font-860 qodef-layout--simple\" style=\"color: #15141C;font-family: lATO;font-size: 14px;font-weight: 700\">Social:<\/p>\n\t\t\t\t<\/div>\n\t\t\t\t<\/div>\n\t\t\t\t<div class=\"elementor-element elementor-element-c49ce79 elementor-shape-square e-grid-align-left elementor-grid-0 elementor-widget elementor-widget-social-icons\" data-id=\"c49ce79\" data-element_type=\"widget\" data-widget_type=\"social-icons.default\">\n\t\t\t\t<div class=\"elementor-widget-container\">\n\t\t\t\t\t\t\t<div class=\"elementor-social-icons-wrapper elementor-grid\">\n\t\t\t\t\t\t\t<span class=\"elementor-grid-item\">\n\t\t\t\t\t<a class=\"elementor-icon elementor-social-icon elementor-social-icon-linkedin-in elementor-repeater-item-4f59f6f\" href=\"https:\/\/www.linkedin.com\/company\/naxworks\/\" target=\"_blank\" rel=\"nofollow\">\n\t\t\t\t\t\t<span class=\"elementor-screen-only\">Linkedin-in<\/span>\n\t\t\t\t\t\t<svg class=\"e-font-icon-svg e-fab-linkedin-in\" viewBox=\"0 0 448 512\" xmlns=\"http:\/\/www.w3.org\/2000\/svg\"><path d=\"M100.28 448H7.4V148.9h92.88zM53.79 108.1C24.09 108.1 0 83.5 0 53.8a53.79 53.79 0 0 1 107.58 0c0 29.7-24.1 54.3-53.79 54.3zM447.9 448h-92.68V302.4c0-34.7-.7-79.2-48.29-79.2-48.29 0-55.69 37.7-55.69 76.7V448h-92.78V148.9h89.08v40.8h1.3c12.4-23.5 42.69-48.3 87.88-48.3 94 0 111.28 61.9 111.28 142.3V448z\"><\/path><\/svg>\t\t\t\t\t<\/a>\n\t\t\t\t<\/span>\n\t\t\t\t\t<\/div>\n\t\t\t\t\t\t<\/div>\n\t\t\t\t<\/div>\n\t\t\t\t\t<\/div>\n\t\t<\/div>\n\t\t\t\t<div class=\"elementor-column elementor-col-50 elementor-top-column elementor-element elementor-element-fb13897\" data-id=\"fb13897\" data-element_type=\"column\" data-settings=\"{&quot;background_background&quot;:&quot;classic&quot;}\">\n\t\t\t<div class=\"elementor-widget-wrap elementor-element-populated\">\n\t\t\t\t\t\t<div class=\"elementor-element elementor-element-336d0f1 elementor-widget elementor-widget-wp-widget-manufaktursolutions_core_contact_form_7\" data-id=\"336d0f1\" data-element_type=\"widget\" data-widget_type=\"wp-widget-manufaktursolutions_core_contact_form_7.default\">\n\t\t\t\t<div class=\"elementor-widget-container\">\n\t\t\t\t\t\t\t\t<div class=\"qodef-contact-form-7\">\n\t\t\t\t\n<div class=\"wpcf7 no-js\" id=\"wpcf7-f9827-o1\" lang=\"en-US\" dir=\"ltr\" data-wpcf7-id=\"9827\">\n<div class=\"screen-reader-response\"><p role=\"status\" aria-live=\"polite\" aria-atomic=\"true\"><\/p> <ul><\/ul><\/div>\n<form action=\"\/ca\/wp-json\/wp\/v2\/pages\/10537#wpcf7-f9827-o1\" method=\"post\" class=\"wpcf7-form init\" aria-label=\"Contact form\" novalidate=\"novalidate\" data-status=\"init\">\n<div style=\"display: none;\">\n<input type=\"hidden\" name=\"_wpcf7\" value=\"9827\" \/>\n<input type=\"hidden\" name=\"_wpcf7_version\" value=\"6.0.4\" \/>\n<input type=\"hidden\" name=\"_wpcf7_locale\" value=\"en_US\" \/>\n<input type=\"hidden\" name=\"_wpcf7_unit_tag\" value=\"wpcf7-f9827-o1\" \/>\n<input type=\"hidden\" name=\"_wpcf7_container_post\" value=\"0\" \/>\n<input type=\"hidden\" name=\"_wpcf7_posted_data_hash\" value=\"\" \/>\n<input type=\"hidden\" name=\"_wpcf7_recaptcha_response\" value=\"\" \/>\n<\/div>\n<div class=\"qodef-grid qodef-layout--template qodef-cf-circle qodef-standard-layout \">\n\n \n\n<div class=\"qodef-grid-inner\">\n\n \n\n \n\n \n\n<div class=\"qodef-grid-item qodef-col--12\">\n\n \n\n <span class=\"wpcf7-form-control-wrap\" data-name=\"your-name\"><input size=\"40\" maxlength=\"400\" class=\"wpcf7-form-control wpcf7-text wpcf7-validates-as-required\" aria-required=\"true\" aria-invalid=\"false\" placeholder=\"Nom\" value=\"\" type=\"text\" name=\"your-name\" \/><\/span>\n\n \n\n<\/div>\n\n \n\n<div class=\"qodef-grid-item qodef-col--12\">\n\n \n\n <span class=\"wpcf7-form-control-wrap\" data-name=\"your-email\"><input size=\"40\" maxlength=\"400\" class=\"wpcf7-form-control wpcf7-email wpcf7-validates-as-required wpcf7-text wpcf7-validates-as-email\" aria-required=\"true\" aria-invalid=\"false\" placeholder=\"E-mail\" value=\"\" type=\"email\" name=\"your-email\" \/><\/span>\n\n \n\n<\/div>\n\n \n\n<div class=\"qodef-grid-item qodef-col--12\">\n\n \n\n <span class=\"wpcf7-form-control-wrap\" data-name=\"your-tel\"><input size=\"40\" maxlength=\"400\" class=\"wpcf7-form-control wpcf7-tel wpcf7-validates-as-required wpcf7-text wpcf7-validates-as-tel\" aria-required=\"true\" aria-invalid=\"false\" placeholder=\"Tel\u00e8fon\" value=\"\" type=\"tel\" name=\"your-tel\" \/><\/span>\n\n \n\n<\/div>\n\n \n\n \n\n<div class=\"qodef-grid-item qodef-col--12\">\n\n \n\n <span class=\"wpcf7-form-control-wrap\" data-name=\"your-message\"><textarea cols=\"40\" rows=\"10\" maxlength=\"2000\" class=\"wpcf7-form-control wpcf7-textarea\" aria-invalid=\"false\" placeholder=\"Missatge\" name=\"your-message\"><\/textarea><\/span>\n\n \n\n<\/div>\n\n\n<span class=\"wpcf7-form-control-wrap\" data-name=\"term_and_conditions\"><span class=\"wpcf7-form-control wpcf7-acceptance\"><span class=\"wpcf7-list-item\"><label><input type=\"checkbox\" name=\"term_and_conditions\" value=\"1\" class=\"required\" aria-invalid=\"false\" \/><span class=\"wpcf7-list-item-label\">He llegit i accepto la <a href='\/ca\/politica-de-privacitat\/'>pol\u00edtica de privacitat<\/a> i les <a href='\/ca\/condicions-dus\/'>condicions d'\u00fas<\/a> de naxworks.com<\/span><\/label><\/span><\/span><\/span> \n\n\n<div class=\"qodef-grid-item qodef-col--12\" style=\"text-align: right;\">\n\n \n\n<button class=\"wpcf7-form-control wpcf7-submit qodef-shortcode qodef-m qodef-button qodef-layout--outlined qodef-html--link qodef-button qodef-size--normal qodef-m\" type=\"submit\"><span class=\"qodef-m-text\">Enviar<\/span><\/button>\n\n \n\n<\/div>\n\n \n\n<\/div>\n\n \n\n<\/div><div class=\"wpcf7-response-output\" aria-hidden=\"true\"><\/div>\n<\/form>\n<\/div>\n\t\t\t<\/div>\n\t\t\t\t\t\t\t<\/div>\n\t\t\t\t<\/div>\n\t\t\t\t\t<\/div>\n\t\t<\/div>\n\t\t\t\t\t<\/div>\n\t\t<\/section>\n\t\t\t\t<\/div>\n\t\t","protected":false},"excerpt":{"rendered":"<p>Contacta amb nosaltres Tens un projecte? Et respondrem com m\u00e9s aviat millor Si tens alguna pregunta, necessites assessorament o vols saber-ne m\u00e9s sobre els nostres serveis, no dubtis en contactar-nos. Estem a la teva disposici\u00f3 per oferir-te la millor atenci\u00f3. Email: admin@naxworks.com WhatsApp: +34 605 699 407 Social: Linkedin-in<\/p>\n","protected":false},"author":1,"featured_media":0,"parent":0,"menu_order":0,"comment_status":"closed","ping_status":"closed","template":"page-full-width.php","meta":{"_joinchat":[],"footnotes":""},"class_list":["post-10537","page","type-page","status-publish","hentry"],"yoast_head":"<!-- This site is optimized with the Yoast SEO plugin v24.6 - https:\/\/yoast.com\/wordpress\/plugins\/seo\/ -->\n<title>\u25b7 NaxWorks.com - Contacte<\/title>\n<meta name=\"robots\" content=\"index, follow, max-snippet:-1, max-image-preview:large, max-video-preview:-1\" \/>\n<link rel=\"canonical\" href=\"https:\/\/naxworks.com\/ca\/contacte\/\" \/>\n<meta property=\"og:locale\" content=\"ca_ES\" \/>\n<meta property=\"og:type\" content=\"article\" \/>\n<meta property=\"og:title\" content=\"\u25b7 NaxWorks.com - Contacte\" \/>\n<meta property=\"og:description\" content=\"Contacta amb nosaltres Tens un projecte? Et respondrem com m\u00e9s aviat millor Si tens alguna pregunta, necessites assessorament o vols saber-ne m\u00e9s sobre els nostres serveis, no dubtis en contactar-nos. Estem a la teva disposici\u00f3 per oferir-te la millor atenci\u00f3. Email: admin@naxworks.com WhatsApp: +34 605 699 407 Social: Linkedin-in\" \/>\n<meta property=\"og:url\" content=\"https:\/\/naxworks.com\/ca\/contacte\/\" \/>\n<meta property=\"og:site_name\" content=\"NaxWorks.com\" \/>\n<meta property=\"article:modified_time\" content=\"2024-10-26T08:41:56+00:00\" \/>\n<meta name=\"twitter:card\" content=\"summary_large_image\" \/>\n<meta name=\"twitter:label1\" content=\"Temps estimat de lectura\" \/>\n\t<meta name=\"twitter:data1\" content=\"1 minut\" \/>\n<script type=\"application\/ld+json\" class=\"yoast-schema-graph\">{\"@context\":\"https:\/\/schema.org\",\"@graph\":[{\"@type\":\"WebPage\",\"@id\":\"https:\/\/naxworks.com\/ca\/contacte\/\",\"url\":\"https:\/\/naxworks.com\/ca\/contacte\/\",\"name\":\"\u25b7 NaxWorks.com - Contacte\",\"isPartOf\":{\"@id\":\"https:\/\/naxworks.com\/ca\/#website\"},\"datePublished\":\"2022-10-19T08:35:44+00:00\",\"dateModified\":\"2024-10-26T08:41:56+00:00\",\"breadcrumb\":{\"@id\":\"https:\/\/naxworks.com\/ca\/contacte\/#breadcrumb\"},\"inLanguage\":\"ca\",\"potentialAction\":[{\"@type\":\"ReadAction\",\"target\":[\"https:\/\/naxworks.com\/ca\/contacte\/\"]}]},{\"@type\":\"BreadcrumbList\",\"@id\":\"https:\/\/naxworks.com\/ca\/contacte\/#breadcrumb\",\"itemListElement\":[{\"@type\":\"ListItem\",\"position\":1,\"name\":\"Portada\",\"item\":\"https:\/\/naxworks.com\/en\/\"},{\"@type\":\"ListItem\",\"position\":2,\"name\":\"Contacte\"}]},{\"@type\":\"WebSite\",\"@id\":\"https:\/\/naxworks.com\/ca\/#website\",\"url\":\"https:\/\/naxworks.com\/ca\/\",\"name\":\"NaxWorks.com\",\"description\":\"\",\"publisher\":{\"@id\":\"https:\/\/naxworks.com\/ca\/#organization\"},\"potentialAction\":[{\"@type\":\"SearchAction\",\"target\":{\"@type\":\"EntryPoint\",\"urlTemplate\":\"https:\/\/naxworks.com\/ca\/?s={search_term_string}\"},\"query-input\":{\"@type\":\"PropertyValueSpecification\",\"valueRequired\":true,\"valueName\":\"search_term_string\"}}],\"inLanguage\":\"ca\"},{\"@type\":\"Organization\",\"@id\":\"https:\/\/naxworks.com\/ca\/#organization\",\"name\":\"NaxWorks.com\",\"url\":\"https:\/\/naxworks.com\/ca\/\",\"logo\":{\"@type\":\"ImageObject\",\"inLanguage\":\"ca\",\"@id\":\"https:\/\/naxworks.com\/ca\/#\/schema\/logo\/image\/\",\"url\":\"https:\/\/naxworks.com\/wp-content\/uploads\/2024\/07\/NaxWorks_Logo.png\",\"contentUrl\":\"https:\/\/naxworks.com\/wp-content\/uploads\/2024\/07\/NaxWorks_Logo.png\",\"width\":1080,\"height\":460,\"caption\":\"NaxWorks.com\"},\"image\":{\"@id\":\"https:\/\/naxworks.com\/ca\/#\/schema\/logo\/image\/\"}}]}<\/script>\n<!-- \/ Yoast SEO plugin. -->","yoast_head_json":{"title":"\u25b7 NaxWorks.com - Contacte","robots":{"index":"index","follow":"follow","max-snippet":"max-snippet:-1","max-image-preview":"max-image-preview:large","max-video-preview":"max-video-preview:-1"},"canonical":"https:\/\/naxworks.com\/ca\/contacte\/","og_locale":"ca_ES","og_type":"article","og_title":"\u25b7 NaxWorks.com - Contacte","og_description":"Contacta amb nosaltres Tens un projecte? Et respondrem com m\u00e9s aviat millor Si tens alguna pregunta, necessites assessorament o vols saber-ne m\u00e9s sobre els nostres serveis, no dubtis en contactar-nos. Estem a la teva disposici\u00f3 per oferir-te la millor atenci\u00f3. Email: admin@naxworks.com WhatsApp: +34 605 699 407 Social: Linkedin-in","og_url":"https:\/\/naxworks.com\/ca\/contacte\/","og_site_name":"NaxWorks.com","article_modified_time":"2024-10-26T08:41:56+00:00","twitter_card":"summary_large_image","twitter_misc":{"Temps estimat de lectura":"1 minut"},"schema":{"@context":"https:\/\/schema.org","@graph":[{"@type":"WebPage","@id":"https:\/\/naxworks.com\/ca\/contacte\/","url":"https:\/\/naxworks.com\/ca\/contacte\/","name":"\u25b7 NaxWorks.com - Contacte","isPartOf":{"@id":"https:\/\/naxworks.com\/ca\/#website"},"datePublished":"2022-10-19T08:35:44+00:00","dateModified":"2024-10-26T08:41:56+00:00","breadcrumb":{"@id":"https:\/\/naxworks.com\/ca\/contacte\/#breadcrumb"},"inLanguage":"ca","potentialAction":[{"@type":"ReadAction","target":["https:\/\/naxworks.com\/ca\/contacte\/"]}]},{"@type":"BreadcrumbList","@id":"https:\/\/naxworks.com\/ca\/contacte\/#breadcrumb","itemListElement":[{"@type":"ListItem","position":1,"name":"Portada","item":"https:\/\/naxworks.com\/en\/"},{"@type":"ListItem","position":2,"name":"Contacte"}]},{"@type":"WebSite","@id":"https:\/\/naxworks.com\/ca\/#website","url":"https:\/\/naxworks.com\/ca\/","name":"NaxWorks.com","description":"","publisher":{"@id":"https:\/\/naxworks.com\/ca\/#organization"},"potentialAction":[{"@type":"SearchAction","target":{"@type":"EntryPoint","urlTemplate":"https:\/\/naxworks.com\/ca\/?s={search_term_string}"},"query-input":{"@type":"PropertyValueSpecification","valueRequired":true,"valueName":"search_term_string"}}],"inLanguage":"ca"},{"@type":"Organization","@id":"https:\/\/naxworks.com\/ca\/#organization","name":"NaxWorks.com","url":"https:\/\/naxworks.com\/ca\/","logo":{"@type":"ImageObject","inLanguage":"ca","@id":"https:\/\/naxworks.com\/ca\/#\/schema\/logo\/image\/","url":"https:\/\/naxworks.com\/wp-content\/uploads\/2024\/07\/NaxWorks_Logo.png","contentUrl":"https:\/\/naxworks.com\/wp-content\/uploads\/2024\/07\/NaxWorks_Logo.png","width":1080,"height":460,"caption":"NaxWorks.com"},"image":{"@id":"https:\/\/naxworks.com\/ca\/#\/schema\/logo\/image\/"}}]}},"_links":{"self":[{"href":"https:\/\/naxworks.com\/ca\/wp-json\/wp\/v2\/pages\/10537","targetHints":{"allow":["GET"]}}],"collection":[{"href":"https:\/\/naxworks.com\/ca\/wp-json\/wp\/v2\/pages"}],"about":[{"href":"https:\/\/naxworks.com\/ca\/wp-json\/wp\/v2\/types\/page"}],"author":[{"embeddable":true,"href":"https:\/\/naxworks.com\/ca\/wp-json\/wp\/v2\/users\/1"}],"replies":[{"embeddable":true,"href":"https:\/\/naxworks.com\/ca\/wp-json\/wp\/v2\/comments?post=10537"}],"version-history":[{"count":0,"href":"https:\/\/naxworks.com\/ca\/wp-json\/wp\/v2\/pages\/10537\/revisions"}],"wp:attachment":[{"href":"https:\/\/naxworks.com\/ca\/wp-json\/wp\/v2\/media?parent=10537"}],"curies":[{"name":"wp","href":"https:\/\/api.w.org\/{rel}","templated":true}]}}